{"id":1260,"date":"2024-10-11T15:35:00","date_gmt":"2024-10-11T13:35:00","guid":{"rendered":"https:\/\/www.trelec.com\/aviso-legal\/"},"modified":"2025-07-18T15:52:41","modified_gmt":"2025-07-18T13:52:41","slug":"mentions-legales","status":"publish","type":"page","link":"https:\/\/www.trelec.com\/fr\/mentions-legales\/","title":{"rendered":"Mentions L\u00e9gales"},"content":{"rendered":"<p>[et_pb_section fb_built=\u00a0\u00bb1&Prime; _builder_version=\u00a0\u00bb4.27.4&Prime; _module_preset=\u00a0\u00bbdefault\u00a0\u00bb background_image=\u00a0\u00bbhttps:\/\/www.trelec.com\/wp-content\/uploads\/2025\/07\/Trelec-imagen-001.webp\u00a0\u00bb global_colors_info=\u00a0\u00bb{}\u00a0\u00bb][et_pb_row _builder_version=\u00a0\u00bb4.27.2&Prime; _module_preset=\u00a0\u00bbdefault\u00a0\u00bb global_colors_info=\u00a0\u00bb{}\u00a0\u00bb][et_pb_column type=\u00a0\u00bb4_4&Prime; _builder_version=\u00a0\u00bb4.27.2&Prime; _module_preset=\u00a0\u00bbdefault\u00a0\u00bb global_colors_info=\u00a0\u00bb{}\u00a0\u00bb][et_pb_image src=\u00a0\u00bbhttps:\/\/www.trelec.com\/wp-content\/uploads\/2024\/10\/trelec-logo-blanco.png\u00a0\u00bb title_text=\u00a0\u00bbtrelec-logo-blanco\u00a0\u00bb align=\u00a0\u00bbcenter\u00a0\u00bb _builder_version=\u00a0\u00bb4.27.2&Prime; _module_preset=\u00a0\u00bbdefault\u00a0\u00bb width=\u00a0\u00bb34%\u00a0\u00bb global_colors_info=\u00a0\u00bb{}\u00a0\u00bb][\/et_pb_image][\/et_pb_column][\/et_pb_row][\/et_pb_section][et_pb_section fb_built=\u00a0\u00bb1&Prime; _builder_version=\u00a0\u00bb4.27.2&Prime; _module_preset=\u00a0\u00bbdefault\u00a0\u00bb custom_padding=\u00a0\u00bb6px|||||\u00a0\u00bb saved_tabs=\u00a0\u00bball\u00a0\u00bb global_colors_info=\u00a0\u00bb{}\u00a0\u00bb][et_pb_row _builder_version=\u00a0\u00bb4.27.2&Prime; _module_preset=\u00a0\u00bbdefault\u00a0\u00bb global_colors_info=\u00a0\u00bb{}\u00a0\u00bb][et_pb_column type=\u00a0\u00bb4_4&Prime; _builder_version=\u00a0\u00bb4.27.2&Prime; _module_preset=\u00a0\u00bbdefault\u00a0\u00bb global_colors_info=\u00a0\u00bb{}\u00a0\u00bb][et_pb_text _builder_version=\u00a0\u00bb4.27.4&Prime; _module_preset=\u00a0\u00bbdefault\u00a0\u00bb header_2_text_align=\u00a0\u00bbcenter\u00a0\u00bb header_2_font_size=\u00a0\u00bb35px\u00a0\u00bb header_2_line_height=\u00a0\u00bb67px\u00a0\u00bb custom_padding=\u00a0\u00bb||0px||false|false\u00a0\u00bb hover_enabled=\u00a0\u00bb0&Prime; border_width_bottom=\u00a0\u00bb1px\u00a0\u00bb border_color_bottom=\u00a0\u00bbgcid-secondary-color\u00a0\u00bb global_colors_info=\u00a0\u00bb{%22gcid-secondary-color%22:%91%22border_color_bottom%22%93}\u00a0\u00bb sticky_enabled=\u00a0\u00bb0&Prime;]<\/p>\n<h2>Mentions L\u00e9gales Trelec Bilbao Technology Centre<\/h2>\n<p>[\/et_pb_text][\/et_pb_column][\/et_pb_row][et_pb_row _builder_version=\u00a0\u00bb4.27.2&Prime; _module_preset=\u00a0\u00bbdefault\u00a0\u00bb width=\u00a0\u00bb85%\u00a0\u00bb max_width=\u00a0\u00bb85%\u00a0\u00bb global_colors_info=\u00a0\u00bb{}\u00a0\u00bb][et_pb_column type=\u00a0\u00bb4_4&Prime; _builder_version=\u00a0\u00bb4.27.2&Prime; _module_preset=\u00a0\u00bbdefault\u00a0\u00bb global_colors_info=\u00a0\u00bb{}\u00a0\u00bb][et_pb_text _builder_version=\u00a0\u00bb4.27.4&Prime; _module_preset=\u00a0\u00bbdefault\u00a0\u00bb hover_enabled=\u00a0\u00bb0&Prime; global_colors_info=\u00a0\u00bb{}\u00a0\u00bb sticky_enabled=\u00a0\u00bb0&Prime;]Les droits de propri\u00e9t\u00e9 intellectuelle du site web de TRELEC ainsi que des diff\u00e9rents \u00e9l\u00e9ments qu\u2019il contient appartiennent \u00e0 TRELEC BTC. (par la suite TRELEC).<br \/>\nTRELEC se r\u00e9serve le droit d\u2019apporter, \u00e0 tout moment et sans pr\u00e9avis, des modifications et des mises \u00e0 jour aux informations contenues sur le site web, ainsi qu\u2019\u00e0 sa configuration ou pr\u00e9sentation.<\/p>\n<p>TRELEC ne garantit pas l\u2019absence d\u2019erreurs dans l\u2019acc\u00e8s au site web ni dans son contenu, ni que ce dernier soit syst\u00e9matiquement \u00e0 jour, bien qu\u2019elle mette en \u0153uvre tous les moyens n\u00e9cessaires pour les pr\u00e9venir et, le cas \u00e9ch\u00e9ant, les corriger ou actualiser les informations dans les plus brefs d\u00e9lais.<\/p>\n<p>L\u2019acc\u00e8s au site web ainsi que l\u2019utilisation qui peut \u00eatre faite des informations qu\u2019il contient rel\u00e8vent de la seule responsabilit\u00e9 de l\u2019utilisateur. TRELEC ne saurait \u00eatre tenue responsable d\u2019aucune cons\u00e9quence, dommage ou pr\u00e9judice pouvant r\u00e9sulter de l\u2019acc\u00e8s au site ou de l\u2019utilisation des informations qu\u2019il contient, sauf dans les cas o\u00f9 la loi l\u2019oblige \u00e0 intervenir dans le cadre strict de ses comp\u00e9tences.<\/p>\n<p>TRELEC d\u00e9cline toute responsabilit\u00e9 relative \u00e0 la connexion et aux contenus des liens vers des sites tiers r\u00e9f\u00e9renc\u00e9s sur son site web.<\/p>\n<p>L\u2019utilisation non autoris\u00e9e des informations contenues sur ce site web, ainsi que les pr\u00e9judices caus\u00e9s aux droits de propri\u00e9t\u00e9 intellectuelle et industrielle de TRELEC, entra\u00eeneront l\u2019exercice des actions l\u00e9gales qui lui sont reconnues et, le cas \u00e9ch\u00e9ant, des responsabilit\u00e9s qui en d\u00e9coulent.[\/et_pb_text][\/et_pb_column][\/et_pb_row][\/et_pb_section]<\/p>\n","protected":false},"excerpt":{"rendered":"<p>Mentions L\u00e9gales Trelec Bilbao Technology CentreLes droits de propri\u00e9t\u00e9 intellectuelle du site web de TRELEC ainsi que des diff\u00e9rents \u00e9l\u00e9ments qu\u2019il contient appartiennent \u00e0 TRELEC BTC. (par la suite TRELEC). TRELEC se r\u00e9serve le droit d\u2019apporter, \u00e0 tout moment et sans pr\u00e9avis, des modifications et des mises \u00e0 jour aux informations contenues sur le site [&hellip;]<\/p>\n","protected":false},"author":1,"featured_media":0,"parent":0,"menu_order":0,"comment_status":"closed","ping_status":"closed","template":"","meta":{"_et_pb_use_builder":"on","_et_pb_old_content":"","_et_gb_content_width":"","footnotes":""},"class_list":["post-1260","page","type-page","status-publish","hentry"],"_links":{"self":[{"href":"https:\/\/www.trelec.com\/fr\/wp-json\/wp\/v2\/pages\/1260","targetHints":{"allow":["GET"]}}],"collection":[{"href":"https:\/\/www.trelec.com\/fr\/wp-json\/wp\/v2\/pages"}],"about":[{"href":"https:\/\/www.trelec.com\/fr\/wp-json\/wp\/v2\/types\/page"}],"author":[{"embeddable":true,"href":"https:\/\/www.trelec.com\/fr\/wp-json\/wp\/v2\/users\/1"}],"replies":[{"embeddable":true,"href":"https:\/\/www.trelec.com\/fr\/wp-json\/wp\/v2\/comments?post=1260"}],"version-history":[{"count":3,"href":"https:\/\/www.trelec.com\/fr\/wp-json\/wp\/v2\/pages\/1260\/revisions"}],"predecessor-version":[{"id":1271,"href":"https:\/\/www.trelec.com\/fr\/wp-json\/wp\/v2\/pages\/1260\/revisions\/1271"}],"wp:attachment":[{"href":"https:\/\/www.trelec.com\/fr\/wp-json\/wp\/v2\/media?parent=1260"}],"curies":[{"name":"wp","href":"https:\/\/api.w.org\/{rel}","templated":true}]}}