{"id":1238,"date":"2024-10-11T15:37:56","date_gmt":"2024-10-11T13:37:56","guid":{"rendered":"https:\/\/www.trelec.com\/trelec-politica-cookies\/"},"modified":"2025-07-21T08:38:03","modified_gmt":"2025-07-21T06:38:03","slug":"politique-de-cookies","status":"publish","type":"page","link":"https:\/\/www.trelec.com\/fr\/politique-de-cookies\/","title":{"rendered":"Politique de Cookies"},"content":{"rendered":"<p>[et_pb_section fb_built=\u00a0\u00bb1&Prime; _builder_version=\u00a0\u00bb4.27.4&Prime; _module_preset=\u00a0\u00bbdefault\u00a0\u00bb background_image=\u00a0\u00bbhttps:\/\/www.trelec.com\/wp-content\/uploads\/2025\/07\/Trelec-imagen-002.webp\u00a0\u00bb global_colors_info=\u00a0\u00bb{}\u00a0\u00bb][et_pb_row _builder_version=\u00a0\u00bb4.27.2&Prime; _module_preset=\u00a0\u00bbdefault\u00a0\u00bb global_colors_info=\u00a0\u00bb{}\u00a0\u00bb][et_pb_column type=\u00a0\u00bb4_4&Prime; _builder_version=\u00a0\u00bb4.27.2&Prime; _module_preset=\u00a0\u00bbdefault\u00a0\u00bb global_colors_info=\u00a0\u00bb{}\u00a0\u00bb][et_pb_image src=\u00a0\u00bbhttps:\/\/www.trelec.com\/wp-content\/uploads\/2024\/10\/trelec-logo-blanco.png\u00a0\u00bb title_text=\u00a0\u00bbtrelec-logo-blanco\u00a0\u00bb align=\u00a0\u00bbcenter\u00a0\u00bb _builder_version=\u00a0\u00bb4.27.2&Prime; _module_preset=\u00a0\u00bbdefault\u00a0\u00bb width=\u00a0\u00bb34%\u00a0\u00bb global_colors_info=\u00a0\u00bb{}\u00a0\u00bb][\/et_pb_image][\/et_pb_column][\/et_pb_row][\/et_pb_section][et_pb_section fb_built=\u00a0\u00bb1&Prime; _builder_version=\u00a0\u00bb4.27.2&Prime; _module_preset=\u00a0\u00bbdefault\u00a0\u00bb custom_padding=\u00a0\u00bb6px|||||\u00a0\u00bb saved_tabs=\u00a0\u00bball\u00a0\u00bb global_colors_info=\u00a0\u00bb{}\u00a0\u00bb][et_pb_row _builder_version=\u00a0\u00bb4.27.2&Prime; _module_preset=\u00a0\u00bbdefault\u00a0\u00bb width=\u00a0\u00bb85%\u00a0\u00bb max_width=\u00a0\u00bb85%\u00a0\u00bb global_colors_info=\u00a0\u00bb{}\u00a0\u00bb][et_pb_column type=\u00a0\u00bb4_4&Prime; _builder_version=\u00a0\u00bb4.27.2&Prime; _module_preset=\u00a0\u00bbdefault\u00a0\u00bb global_colors_info=\u00a0\u00bb{}\u00a0\u00bb][et_pb_text _builder_version=\u00a0\u00bb4.27.4&Prime; _module_preset=\u00a0\u00bbdefault\u00a0\u00bb header_2_text_align=\u00a0\u00bbcenter\u00a0\u00bb header_2_font_size=\u00a0\u00bb35px\u00a0\u00bb header_2_line_height=\u00a0\u00bb67px\u00a0\u00bb custom_padding=\u00a0\u00bb||0px||false|false\u00a0\u00bb hover_enabled=\u00a0\u00bb0&Prime; border_width_bottom=\u00a0\u00bb1px\u00a0\u00bb border_color_bottom=\u00a0\u00bbgcid-secondary-color\u00a0\u00bb global_colors_info=\u00a0\u00bb{%22gcid-secondary-color%22:%91%22border_color_bottom%22%93}\u00a0\u00bb sticky_enabled=\u00a0\u00bb0&Prime;]<\/p>\n<h2>Politique de Cookies Trelec Bilbao Technology Centre<br \/>\n<\/h2>\n<p>[\/et_pb_text][\/et_pb_column][\/et_pb_row][et_pb_row _builder_version=\u00a0\u00bb4.27.2&Prime; _module_preset=\u00a0\u00bbdefault\u00a0\u00bb width=\u00a0\u00bb85%\u00a0\u00bb max_width=\u00a0\u00bb85%\u00a0\u00bb global_colors_info=\u00a0\u00bb{}\u00a0\u00bb][et_pb_column type=\u00a0\u00bb4_4&Prime; _builder_version=\u00a0\u00bb4.27.2&Prime; _module_preset=\u00a0\u00bbdefault\u00a0\u00bb global_colors_info=\u00a0\u00bb{}\u00a0\u00bb][et_pb_text _builder_version=\u00a0\u00bb4.27.4&Prime; _module_preset=\u00a0\u00bbdefault\u00a0\u00bb hover_enabled=\u00a0\u00bb0&Prime; global_colors_info=\u00a0\u00bb{}\u00a0\u00bb sticky_enabled=\u00a0\u00bb0&Prime;]<\/p>\n<h3><strong> Qu\u2019est-ce qu\u2019un cookie ? <\/strong><\/h3>\n<p>Un Cookie est un petit fichier texte qu\u2019un site internet d\u00e9pose sur votre ordinateur, smartphone ou tout autre appareil, afin de recueillir des informations concernant votre navigation sur ce site. Les Cookies sont n\u00e9cessaires pour faciliter la navigation sur le site et am\u00e9liorer l\u2019exp\u00e9rience utilisateur.<\/p>\n<p>Bien que cette politique utilise le terme g\u00e9n\u00e9rique de \u00ab\u00a0Cookie\u00a0\u00bb, qui constitue le principal moyen de stockage d\u2019informations utilis\u00e9 par ce site web, le \u00ab\u00a0Stockage local\u00a0\u00bb du navigateur est \u00e9galement employ\u00e9 aux m\u00eames fins que les Cookies. \u00c0 cet \u00e9gard, toutes les informations contenues dans cette section s\u2019appliquent \u00e9galement \u00e0 ce \u00ab\u00a0Stockage local\u00a0\u00bb.<\/p>\n<h3><strong> Quels sont les diff\u00e9rents types de cookies ? <\/strong><\/h3>\n<p>Il existe diff\u00e9rents types de cookies :<\/p>\n<p>Selon leur gestionnaire :<\/p>\n<ul>\n<li>Cookies propres : il s\u2019agit des cookies envoy\u00e9s \u00e0 votre navigateur depuis nos serveurs ou domaines web.\n<\/li>\n<li>Cookies tiers : il s\u2019agit des cookies envoy\u00e9s depuis un serveur ou un domaine web que nous ne contr\u00f4lons pas directement, mais qui est contr\u00f4l\u00e9 par une entit\u00e9 tierce (par exemple, les services de Google).\n<\/li>\n<\/ul>\n<p>Selon la dur\u00e9e de leur activation :<\/p>\n<ul>\n<li>Cookies de session : ils permettent d\u2019identifier l\u2019utilisateur durant la session en cours, ce qui signifie qu\u2019ils sont m\u00e9moris\u00e9s et valides uniquement pendant la dur\u00e9e d\u2019une session active, c\u2019est-\u00e0-dire durant la navigation sur le site web, sans qu\u2019aucune donn\u00e9e ne soit conserv\u00e9e ensuite sur votre appareil.\n<\/li>\n<li>Cookies persistants : ils restent enregistr\u00e9s sur votre appareil et notre site web les lit \u00e0 chaque nouvelle consultation du site. Ces cookies cessent de fonctionner apr\u00e8s une date pr\u00e9cise.\n<\/li>\n<\/ul>\n<p>Selon leur finalit\u00e9 :<br \/>\nCookies techniques : ils am\u00e9liorent la navigation et assurent le bon fonctionnement du site web.<br \/>\nCookies de personnalisation : ils permettent d\u2019acc\u00e9der au service avec des caract\u00e9ristiques pr\u00e9d\u00e9finies selon un ensemble de crit\u00e8res.<br \/>\nCookies d\u2019analyse : ils permettent de mesurer et d\u2019analyser statistiquement l\u2019utilisation du service fourni.<\/p>\n<h3><strong>\u00c0 quelles fins les cookies sont-ils utilis\u00e9s sur ce site web ?<br \/>\n<\/strong><\/h3>\n<p>Les Cookies sont une composante essentielle du fonctionnement de notre site web. L\u2019objectif principal de nos cookies est d\u2019am\u00e9liorer votre exp\u00e9rience de navigation. Ils sont par exemple utilis\u00e9s pour m\u00e9moriser vos pr\u00e9f\u00e9rences pendant la navigation ainsi que lors de vos visites ult\u00e9rieures.<\/p>\n<p>Les informations collect\u00e9es \u00e0 l\u2019aide des cookies nous permettent \u00e9galement d\u2019am\u00e9liorer le site web en r\u00e9alisant des estimations concernant le nombre et les habitudes d\u2019utilisation, en adaptant le site aux int\u00e9r\u00eats individuels des utilisateurs, en acc\u00e9l\u00e9rant les recherches, etc.<\/p>\n<h3><strong>Qui utilise les informations stock\u00e9es dans les cookies ?<br \/>\n<\/strong><\/h3>\n<p>Les informations stock\u00e9es dans les Cookies de notre site web sont exclusivement utilis\u00e9es par nos soins, \u00e0 l\u2019exception de celles qualifi\u00e9es de \u00ab\u00a0Cookies tiers\u00a0\u00bb, lesquelles sont utilis\u00e9es et g\u00e9r\u00e9es par des entit\u00e9s externes afin de nous fournir des services que nous avons sollicit\u00e9s, dans le but d\u2019am\u00e9liorer nos prestations ainsi que l\u2019exp\u00e9rience utilisateur lors de la navigation sur notre site.<\/p>\n<h3><strong> Comment \u00e9viter l\u2019utilisation des Cookies sur ce site web ? <\/strong><\/h3>\n<p>Si vous souhaitez \u00e9viter l\u2019utilisation des Cookies sur ce site, en tenant compte des limitations pr\u00e9c\u00e9demment mentionn\u00e9es, vous devez d\u00e9sactiver les Cookies sur votre navigateur, puis supprimer ceux d\u00e9j\u00e0 enregistr\u00e9s et associ\u00e9s \u00e0 ce site web.<\/p>\n<p>Vous pouvez \u00e0 tout moment d\u00e9sactiver l\u2019utilisation des Cookies.<\/p>\n<h3><strong> Comment modifier la Politique de Cookies ? <\/strong><\/h3>\n<p>Vous pouvez modifier vos pr\u00e9f\u00e9rences concernant les cookies analytiques en activant ou d\u00e9sactivant les options correspondantes. L\u2019utilisateur peut autoriser ou refuser les cookies, ainsi que supprimer ses donn\u00e9es de navigation (y compris les cookies) depuis le navigateur qu\u2019il utilise. Veuillez consulter les sites suivants en fonction du navigateur utilis\u00e9 :<\/p>\n<p>Firefox<br \/>\nChrome<br \/>\nSafari<br \/>\nMicrosoft Edge<br \/>\nInternet Explorer[\/et_pb_text][\/et_pb_column][\/et_pb_row][\/et_pb_section]<\/p>\n","protected":false},"excerpt":{"rendered":"<p>Politique de Cookies Trelec Bilbao Technology Centre Qu\u2019est-ce qu\u2019un cookie ? Un Cookie est un petit fichier texte qu\u2019un site internet d\u00e9pose sur votre ordinateur, smartphone ou tout autre appareil, afin de recueillir des informations concernant votre navigation sur ce site. Les Cookies sont n\u00e9cessaires pour faciliter la navigation sur le site et am\u00e9liorer l\u2019exp\u00e9rience [&hellip;]<\/p>\n","protected":false},"author":1,"featured_media":0,"parent":0,"menu_order":0,"comment_status":"closed","ping_status":"closed","template":"","meta":{"_et_pb_use_builder":"on","_et_pb_old_content":"","_et_gb_content_width":"","footnotes":""},"class_list":["post-1238","page","type-page","status-publish","hentry"],"_links":{"self":[{"href":"https:\/\/www.trelec.com\/fr\/wp-json\/wp\/v2\/pages\/1238","targetHints":{"allow":["GET"]}}],"collection":[{"href":"https:\/\/www.trelec.com\/fr\/wp-json\/wp\/v2\/pages"}],"about":[{"href":"https:\/\/www.trelec.com\/fr\/wp-json\/wp\/v2\/types\/page"}],"author":[{"embeddable":true,"href":"https:\/\/www.trelec.com\/fr\/wp-json\/wp\/v2\/users\/1"}],"replies":[{"embeddable":true,"href":"https:\/\/www.trelec.com\/fr\/wp-json\/wp\/v2\/comments?post=1238"}],"version-history":[{"count":4,"href":"https:\/\/www.trelec.com\/fr\/wp-json\/wp\/v2\/pages\/1238\/revisions"}],"predecessor-version":[{"id":1324,"href":"https:\/\/www.trelec.com\/fr\/wp-json\/wp\/v2\/pages\/1238\/revisions\/1324"}],"wp:attachment":[{"href":"https:\/\/www.trelec.com\/fr\/wp-json\/wp\/v2\/media?parent=1238"}],"curies":[{"name":"wp","href":"https:\/\/api.w.org\/{rel}","templated":true}]}}