{"id":1236,"date":"2024-10-11T15:44:47","date_gmt":"2024-10-11T13:44:47","guid":{"rendered":"https:\/\/www.trelec.com\/trelec-politica-de-privacidad\/"},"modified":"2025-07-21T08:54:22","modified_gmt":"2025-07-21T06:54:22","slug":"politique-de-confidentialite","status":"publish","type":"page","link":"https:\/\/www.trelec.com\/fr\/politique-de-confidentialite\/","title":{"rendered":"Politique de Confidentialit\u00e9"},"content":{"rendered":"<p>[et_pb_section fb_built=\u00a0\u00bb1&Prime; _builder_version=\u00a0\u00bb4.27.4&Prime; _module_preset=\u00a0\u00bbdefault\u00a0\u00bb background_image=\u00a0\u00bbhttps:\/\/www.trelec.com\/wp-content\/uploads\/2025\/07\/Trelec-imagen-003.webp\u00a0\u00bb global_colors_info=\u00a0\u00bb{}\u00a0\u00bb][et_pb_row _builder_version=\u00a0\u00bb4.27.2&Prime; _module_preset=\u00a0\u00bbdefault\u00a0\u00bb global_colors_info=\u00a0\u00bb{}\u00a0\u00bb][et_pb_column type=\u00a0\u00bb4_4&Prime; _builder_version=\u00a0\u00bb4.27.2&Prime; _module_preset=\u00a0\u00bbdefault\u00a0\u00bb global_colors_info=\u00a0\u00bb{}\u00a0\u00bb][et_pb_image src=\u00a0\u00bbhttps:\/\/www.trelec.com\/wp-content\/uploads\/2024\/10\/trelec-logo-blanco.png\u00a0\u00bb title_text=\u00a0\u00bbtrelec-logo-blanco\u00a0\u00bb align=\u00a0\u00bbcenter\u00a0\u00bb _builder_version=\u00a0\u00bb4.27.2&Prime; _module_preset=\u00a0\u00bbdefault\u00a0\u00bb width=\u00a0\u00bb34%\u00a0\u00bb global_colors_info=\u00a0\u00bb{}\u00a0\u00bb][\/et_pb_image][\/et_pb_column][\/et_pb_row][\/et_pb_section][et_pb_section fb_built=\u00a0\u00bb1&Prime; _builder_version=\u00a0\u00bb4.27.2&Prime; _module_preset=\u00a0\u00bbdefault\u00a0\u00bb custom_padding=\u00a0\u00bb6px|||||\u00a0\u00bb saved_tabs=\u00a0\u00bball\u00a0\u00bb global_colors_info=\u00a0\u00bb{}\u00a0\u00bb][et_pb_row _builder_version=\u00a0\u00bb4.27.2&Prime; _module_preset=\u00a0\u00bbdefault\u00a0\u00bb width=\u00a0\u00bb85%\u00a0\u00bb max_width=\u00a0\u00bb85%\u00a0\u00bb global_colors_info=\u00a0\u00bb{}\u00a0\u00bb][et_pb_column type=\u00a0\u00bb4_4&Prime; _builder_version=\u00a0\u00bb4.27.2&Prime; _module_preset=\u00a0\u00bbdefault\u00a0\u00bb global_colors_info=\u00a0\u00bb{}\u00a0\u00bb][et_pb_text _builder_version=\u00a0\u00bb4.27.4&Prime; _module_preset=\u00a0\u00bbdefault\u00a0\u00bb header_2_text_align=\u00a0\u00bbcenter\u00a0\u00bb header_2_font_size=\u00a0\u00bb35px\u00a0\u00bb header_2_line_height=\u00a0\u00bb67px\u00a0\u00bb custom_padding=\u00a0\u00bb||0px||false|false\u00a0\u00bb hover_enabled=\u00a0\u00bb0&Prime; border_width_bottom=\u00a0\u00bb1px\u00a0\u00bb border_color_bottom=\u00a0\u00bbgcid-secondary-color\u00a0\u00bb global_colors_info=\u00a0\u00bb{%22gcid-secondary-color%22:%91%22border_color_bottom%22%93}\u00a0\u00bb sticky_enabled=\u00a0\u00bb0&Prime;]<\/p>\n<h2>Politique de Confidentialit\u00e9 Trelec Bilbao Technology Centre<\/h2>\n<p>[\/et_pb_text][\/et_pb_column][\/et_pb_row][et_pb_row _builder_version=\u00a0\u00bb4.27.2&Prime; _module_preset=\u00a0\u00bbdefault\u00a0\u00bb width=\u00a0\u00bb85%\u00a0\u00bb max_width=\u00a0\u00bb85%\u00a0\u00bb global_colors_info=\u00a0\u00bb{}\u00a0\u00bb][et_pb_column type=\u00a0\u00bb4_4&Prime; _builder_version=\u00a0\u00bb4.27.2&Prime; _module_preset=\u00a0\u00bbdefault\u00a0\u00bb global_colors_info=\u00a0\u00bb{}\u00a0\u00bb][et_pb_text _builder_version=\u00a0\u00bb4.27.4&Prime; _module_preset=\u00a0\u00bbdefault\u00a0\u00bb hover_enabled=\u00a0\u00bb0&Prime; global_colors_info=\u00a0\u00bb{}\u00a0\u00bb sticky_enabled=\u00a0\u00bb0&Prime;]<\/p>\n<p>Au sein de notre Entreprise, nous avons adapt\u00e9 nos protocoles et politiques de confidentialit\u00e9 au R\u00e8glement Europ\u00e9en sur la Protection des Donn\u00e9es (RGPD) 2016\/679 ainsi qu\u2019\u00e0 la Loi Organique n\u00b0 3\/2018 du 5 d\u00e9cembre relative \u00e0 la Protection des Donn\u00e9es personnelles et \u00e0 la garantie des droits num\u00e9riques, car la s\u00e9curit\u00e9 et la protection des donn\u00e9es que nous traitons sont pour nous particuli\u00e8rement importantes.<\/p>\n<h3><strong>1.- QUI EST LE RESPONSABLE DU TRAITEMENT DES DONN\u00c9ES ?<\/strong><\/h3>\n<p>TRELEC BTC SLL, dont le si\u00e8ge social se trouve \u00e0 LARRONDOBEKO ETORBIDEA ED. 1 NV P-1, 48180 LOIU-BIZKAIA, est responsable du traitement ad\u00e9quat de vos donn\u00e9es. Pour toute question concernant ce traitement, veuillez vous adresser \u00e0 l\u2019adresse suivante : commercial@trelec.com<\/p>\n<h3><strong>2.- DANS QUEL BUT UTILISONS-NOUS VOS DONNEES ?<br \/><\/strong><\/h3>\n<p>TRELEC BTC SLL traite les informations fournies par les personnes int\u00e9ress\u00e9es afin de g\u00e9rer et de traiter les demandes relatives aux produits et services.<\/p>\n<h3><strong>3.- QUELLE EST LA BASE L\u00c9GALE DU TRAITEMENT DES DONN\u00c9ES ?<\/strong><\/h3>\n<p>L\u2019utilisation des donn\u00e9es que vous nous avez fournies, au travers de votre consentement, est n\u00e9cessaire pour assurer une gestion correcte des relations avec les utilisateurs et, par ailleurs, pour permettre le respect des obligations l\u00e9gales. Vous pouvez \u00e0 tout moment vous opposer \u00e0 l\u2019utilisation de vos donn\u00e9es et, par cons\u00e9quent, mettre fin \u00e0 toute gestion les concernant, vos donn\u00e9es \u00e9tant alors uniquement conserv\u00e9es, bloqu\u00e9es, pendant la dur\u00e9e l\u00e9galement pr\u00e9vue. Le non-consentement \u00e0 l\u2019utilisation de vos donn\u00e9es peut entra\u00eener l\u2019impossibilit\u00e9 de fournir certains services.<\/p>\n<h3><strong>4.- COMMUNICATION DES DONN\u00c9ES <\/strong><\/h3>\n<p>Sauf en cas d\u2019obligation l\u00e9gale, aucune cession de donn\u00e9es ne sera effectu\u00e9e. Toutefois, nous partagerons vos donn\u00e9es avec des prestataires de services qui nous assistent ou assurent le support, ainsi qu\u2019avec des partenaires externes avec lesquels nous avons conclu des accords.<\/p>\n<h3><strong>5.- CONSERVATION DES DONN\u00c9ES <\/strong><\/h3>\n<p>Nous ne conserverons vos donn\u00e9es personnelles que pendant la dur\u00e9e n\u00e9cessaire \u00e0 la r\u00e9alisation de la finalit\u00e9 pour laquelle elles ont \u00e9t\u00e9 collect\u00e9es, tant que subsiste une relation contractuelle, qu\u2019une obligation l\u00e9gale l\u2019exige, ou que vous n\u2019exercez pas l\u2019un de vos droits emp\u00eachant leur traitement.<\/p>\n<h3><strong>6.- COMMENT POUVEZ-VOUS EXERCER VOS DROITS ?<\/strong><\/h3>\n<p>En tant que titulaire de vos droits, vous gardez le contr\u00f4le de vos donn\u00e9es et pouvez, \u00e0 tout moment, exercer vos droits en nous contactant par e-mail \u00e0 : commercial@trelec.com<\/p>\n<p>Droits que vous pouvez exercer :<\/p>\n<ul>\n<li>Acc\u00e8s : Vous pouvez consulter vos donn\u00e9es personnelles que traite cette Entit\u00e9.<\/li>\n<li>Rectification : Vous pouvez modifier vos donn\u00e9es personnelles lorsqu\u2019elles sont inexactes.<\/li>\n<li>Suppression : Vous pouvez demander la suppression de vos donn\u00e9es personnelles.<\/li>\n<li>Opposition : Vous pouvez demander que certaines de vos donn\u00e9es personnelles ne fassent pas l\u2019objet d\u2019un traitement.<\/li>\n<li>Limitation du traitement : Vous pouvez demander la limitation du traitement de vos donn\u00e9es personnelles dans certaines circonstances.<\/li>\n<li>Portabilit\u00e9 : Vous pouvez recevoir les donn\u00e9es personnelles que vous nous avez fournies, ou que nous avons obtenues dans le cadre de notre relation contractuelle, et les transmettre \u00e0 une autre Entit\u00e9.<\/li>\n<\/ul>\n<p>Nous informons nos utilisateurs qu\u2019ils ont le droit de retirer leur consentement \u00e0 tout moment, sans que cela n\u2019affecte la l\u00e9galit\u00e9 du traitement effectu\u00e9 avec leur consentement avant ce retrait.<br \/>Par ailleurs, nous informons les personnes concern\u00e9es qu\u2019elles ont la possibilit\u00e9 de d\u00e9poser une r\u00e9clamation aupr\u00e8s de l\u2019Autorit\u00e9 de Contr\u00f4le comp\u00e9tente en mati\u00e8re de Protection des Donn\u00e9es, notamment en cas de non-satisfaction dans l\u2019exercice de leurs droits.<br \/>Pour l\u2019exercice de vos droits, merci de bien vouloir joindre \u00e0 votre demande une copie de votre pi\u00e8ce d\u2019identit\u00e9 ou de tout autre document \u00e9quivalent attestant de votre identit\u00e9.<\/p>\n<p><strong>Trelec Bilbao Technology Centre<\/strong><\/p>\n<p>Poligono Larrondo Larrondobeheko etorbidea, 1 nave -1 48180 \u2013 Loiu \/ Bizkaia<\/p>\n<p><a href=\"mailto:comercial@trelec.com\">comercial@trelec.com<\/a><\/p>\n<p>[\/et_pb_text][\/et_pb_column][\/et_pb_row][\/et_pb_section]<\/p>\n","protected":false},"excerpt":{"rendered":"<p>Politique de Confidentialit\u00e9 Trelec Bilbao Technology CentreAu sein de notre Entreprise, nous avons adapt\u00e9 nos protocoles et politiques de confidentialit\u00e9 au R\u00e8glement Europ\u00e9en sur la Protection des Donn\u00e9es (RGPD) 2016\/679 ainsi qu\u2019\u00e0 la Loi Organique n\u00b0 3\/2018 du 5 d\u00e9cembre relative \u00e0 la Protection des Donn\u00e9es personnelles et \u00e0 la garantie des droits num\u00e9riques, car [&hellip;]<\/p>\n","protected":false},"author":1,"featured_media":0,"parent":0,"menu_order":0,"comment_status":"closed","ping_status":"closed","template":"","meta":{"_et_pb_use_builder":"on","_et_pb_old_content":"","_et_gb_content_width":"","footnotes":""},"class_list":["post-1236","page","type-page","status-publish","hentry"],"_links":{"self":[{"href":"https:\/\/www.trelec.com\/fr\/wp-json\/wp\/v2\/pages\/1236","targetHints":{"allow":["GET"]}}],"collection":[{"href":"https:\/\/www.trelec.com\/fr\/wp-json\/wp\/v2\/pages"}],"about":[{"href":"https:\/\/www.trelec.com\/fr\/wp-json\/wp\/v2\/types\/page"}],"author":[{"embeddable":true,"href":"https:\/\/www.trelec.com\/fr\/wp-json\/wp\/v2\/users\/1"}],"replies":[{"embeddable":true,"href":"https:\/\/www.trelec.com\/fr\/wp-json\/wp\/v2\/comments?post=1236"}],"version-history":[{"count":3,"href":"https:\/\/www.trelec.com\/fr\/wp-json\/wp\/v2\/pages\/1236\/revisions"}],"predecessor-version":[{"id":1326,"href":"https:\/\/www.trelec.com\/fr\/wp-json\/wp\/v2\/pages\/1236\/revisions\/1326"}],"wp:attachment":[{"href":"https:\/\/www.trelec.com\/fr\/wp-json\/wp\/v2\/media?parent=1236"}],"curies":[{"name":"wp","href":"https:\/\/api.w.org\/{rel}","templated":true}]}}