{"id":1234,"date":"2025-01-21T16:56:43","date_gmt":"2025-01-21T15:56:43","guid":{"rendered":"https:\/\/www.trelec.com\/verificacion-del-montaje-inspeccion-y-testeado\/"},"modified":"2025-07-21T09:14:32","modified_gmt":"2025-07-21T07:14:32","slug":"verification-de-lassemblage-inspection-et-tests","status":"publish","type":"page","link":"https:\/\/www.trelec.com\/fr\/verification-de-lassemblage-inspection-et-tests\/","title":{"rendered":"V\u00e9rification de l\u2019Assemblage : Inspection et Tests"},"content":{"rendered":"<p>[et_pb_section fb_built=\u00a0\u00bb1&Prime; _builder_version=\u00a0\u00bb4.27.2&Prime; _module_preset=\u00a0\u00bbdefault\u00a0\u00bb use_background_color_gradient=\u00a0\u00bbon\u00a0\u00bb background_color_gradient_direction=\u00a0\u00bb126deg\u00a0\u00bb background_color_gradient_stops=\u00a0\u00bbrgba(0,0,0,0.83) 7%|rgba(12,113,195,0.66) 100%\u00a0\u00bb background_color_gradient_overlays_image=\u00a0\u00bbon\u00a0\u00bb background_image=\u00a0\u00bbhttps:\/\/www.trelec.com\/wp-content\/uploads\/2025\/03\/Trelec-7254.webp\u00a0\u00bb parallax=\u00a0\u00bbon\u00a0\u00bb max_height=\u00a0\u00bb300px\u00a0\u00bb custom_padding=\u00a0\u00bb||0px||false|false\u00a0\u00bb border_style_all=\u00a0\u00bbgroove\u00a0\u00bb border_width_bottom=\u00a0\u00bb5px\u00a0\u00bb border_color_bottom=\u00a0\u00bbgcid-secondary-color\u00a0\u00bb global_colors_info=\u00a0\u00bb{%22gcid-secondary-color%22:%91%22border_color_bottom%22%93}\u00a0\u00bb][et_pb_row _builder_version=\u00a0\u00bb4.27.2&Prime; _module_preset=\u00a0\u00bbdefault\u00a0\u00bb background_color=\u00a0\u00bbrgba(255,255,255,0.87)\u00a0\u00bb background_enable_pattern_style=\u00a0\u00bbon\u00a0\u00bb background_pattern_style=\u00a0\u00bbdiagonal-stripes-2&Prime; background_pattern_color=\u00a0\u00bbrgba(244,244,244,0.2)\u00a0\u00bb width=\u00a0\u00bb40%\u00a0\u00bb max_width=\u00a0\u00bb40%\u00a0\u00bb custom_margin=\u00a0\u00bb||-5px|10%|false|false\u00a0\u00bb custom_padding=\u00a0\u00bb|10px|0px|10px|false|false\u00a0\u00bb border_radii=\u00a0\u00bboff||20px||\u00a0\u00bb global_colors_info=\u00a0\u00bb{}\u00a0\u00bb][et_pb_column type=\u00a0\u00bb4_4&Prime; _builder_version=\u00a0\u00bb4.27.2&Prime; _module_preset=\u00a0\u00bbdefault\u00a0\u00bb global_colors_info=\u00a0\u00bb{}\u00a0\u00bb][et_pb_blurb title=\u00a0\u00bb@ET-DC@eyJkeW5hbWljIjp0cnVlLCJjb250ZW50IjoicG9zdF90aXRsZSIsInNldHRpbmdzIjp7ImJlZm9yZSI6IiIsImFmdGVyIjoiIn19@\u00a0\u00bb image=\u00a0\u00bbhttps:\/\/www.trelec.com\/wp-content\/uploads\/2025\/06\/verificacion-ic-b.webp\u00a0\u00bb image_icon_width=\u00a0\u00bb48%\u00a0\u00bb icon_alignment=\u00a0\u00bbleft\u00a0\u00bb content_max_width=\u00a0\u00bb100%\u00a0\u00bb _builder_version=\u00a0\u00bb4.27.4&Prime; _dynamic_attributes=\u00a0\u00bbtitle\u00a0\u00bb _module_preset=\u00a0\u00bbdefault\u00a0\u00bb header_level=\u00a0\u00bbh3&Prime; header_text_align=\u00a0\u00bbleft\u00a0\u00bb header_text_color=\u00a0\u00bbgcid-2eafc5fc-585a-47d9-9a19-ad9a5031a052&Prime; header_font_size=\u00a0\u00bb23px\u00a0\u00bb background_enable_color=\u00a0\u00bboff\u00a0\u00bb width=\u00a0\u00bb100%\u00a0\u00bb module_alignment=\u00a0\u00bbleft\u00a0\u00bb custom_margin=\u00a0\u00bb10px|20px|0px|20px|false|false\u00a0\u00bb custom_padding=\u00a0\u00bb||0px||false|false\u00a0\u00bb animation=\u00a0\u00bboff\u00a0\u00bb hover_enabled=\u00a0\u00bb0&Prime; custom_css_blurb_image=\u00a0\u00bbmargin-bottom: 10px;\u00a0\u00bb global_colors_info=\u00a0\u00bb{%22gcid-secondary-color%22:%91%22background_color%22%93,%22gcid-2eafc5fc-585a-47d9-9a19-ad9a5031a052%22:%91%22header_text_color%22%93}\u00a0\u00bb sticky_enabled=\u00a0\u00bb0&Prime;][\/et_pb_blurb][\/et_pb_column][\/et_pb_row][\/et_pb_section][et_pb_section fb_built=\u00a0\u00bb1&Prime; _builder_version=\u00a0\u00bb4.27.2&Prime; _module_preset=\u00a0\u00bbdefault\u00a0\u00bb use_background_color_gradient=\u00a0\u00bbon\u00a0\u00bb background_color_gradient_stops=\u00a0\u00bb#ffffff 0%|rgba(255,255,255,0.97) 100%\u00a0\u00bb background_color_gradient_overlays_image=\u00a0\u00bbon\u00a0\u00bb background_image=\u00a0\u00bbhttps:\/\/www.trelec.com\/wp-content\/uploads\/2025\/01\/Trelec-012.webp\u00a0\u00bb global_colors_info=\u00a0\u00bb{}\u00a0\u00bb][et_pb_row column_structure=\u00a0\u00bb1_2,1_2&Prime; _builder_version=\u00a0\u00bb4.27.2&Prime; _module_preset=\u00a0\u00bbdefault\u00a0\u00bb max_width=\u00a0\u00bb80%\u00a0\u00bb global_colors_info=\u00a0\u00bb{}\u00a0\u00bb][et_pb_column type=\u00a0\u00bb1_2&Prime; _builder_version=\u00a0\u00bb4.27.2&Prime; _module_preset=\u00a0\u00bbdefault\u00a0\u00bb global_colors_info=\u00a0\u00bb{}\u00a0\u00bb][et_pb_image src=\u00a0\u00bbhttps:\/\/www.trelec.com\/wp-content\/uploads\/2025\/07\/002_Verification.webp\u00a0\u00bb title_text=\u00a0\u00bb002_Verification\u00a0\u00bb _builder_version=\u00a0\u00bb4.27.4&Prime; _module_preset=\u00a0\u00bbdefault\u00a0\u00bb global_colors_info=\u00a0\u00bb{}\u00a0\u00bb][\/et_pb_image][\/et_pb_column][et_pb_column type=\u00a0\u00bb1_2&Prime; _builder_version=\u00a0\u00bb4.27.2&Prime; _module_preset=\u00a0\u00bbdefault\u00a0\u00bb global_colors_info=\u00a0\u00bb{}\u00a0\u00bb][et_pb_text _builder_version=\u00a0\u00bb4.27.4&Prime; _module_preset=\u00a0\u00bbdefault\u00a0\u00bb text_font=\u00a0\u00bb|300|||||||\u00a0\u00bb text_text_color=\u00a0\u00bb#000000&Prime; hover_enabled=\u00a0\u00bb0&Prime; global_colors_info=\u00a0\u00bb{}\u00a0\u00bb sticky_enabled=\u00a0\u00bb0&Prime;]La v\u00e9rification de l\u2019assemblage des cartes est essentielle pour garantir la qualit\u00e9 et la fiabilit\u00e9 de chaque unit\u00e9 produite.<\/p>\n<p>Chez Trelec, ce processus comprend une inspection optique automatis\u00e9e (AOI) en 3D pour les cartes SMD, ainsi que des tests fonctionnels (sur demande du client) qui garantissent la bonne fonctionnalit\u00e9 du circuit.<\/p>\n<p>Dans une d\u00e9marche pr\u00e9ventive, Trelec est en mesure de r\u00e9aliser des tests, v\u00e9rifications et\/ou validations sur des produits d\u00e9velopp\u00e9s et fournis par le client, tels que les ICT (In-Circuit Test). Ces contr\u00f4les permettent de d\u00e9tecter d\u2019\u00e9ventuelles anomalies, de v\u00e9rifier la fonctionnalit\u00e9 \u00e9lectronique et de garantir que chaque PCBA est pr\u00eate pour son usage final. Cela permet de limiter les risques de d\u00e9fauts sur le produit final, ainsi que de r\u00e9duire les d\u00e9lais de livraison et, le cas \u00e9ch\u00e9ant, de r\u00e9paration.[\/et_pb_text][\/et_pb_column][\/et_pb_row][\/et_pb_section][et_pb_section fb_built=\u00a0\u00bb1&Prime; _builder_version=\u00a0\u00bb4.27.4&Prime; _module_preset=\u00a0\u00bbdefault\u00a0\u00bb background_enable_image=\u00a0\u00bboff\u00a0\u00bb custom_padding=\u00a0\u00bb||3px|||\u00a0\u00bb global_colors_info=\u00a0\u00bb{}\u00a0\u00bb][et_pb_row _builder_version=\u00a0\u00bb4.27.4&Prime; _module_preset=\u00a0\u00bbdefault\u00a0\u00bb max_width=\u00a0\u00bb80%\u00a0\u00bb custom_margin=\u00a0\u00bb||30px||false|false\u00a0\u00bb custom_padding=\u00a0\u00bb||2px||false|false\u00a0\u00bb border_width_bottom=\u00a0\u00bb1px\u00a0\u00bb border_color_bottom=\u00a0\u00bbgcid-2eafc5fc-585a-47d9-9a19-ad9a5031a052&Prime; global_colors_info=\u00a0\u00bb{%22gcid-2eafc5fc-585a-47d9-9a19-ad9a5031a052%22:%91%22border_color_bottom%22%93}\u00a0\u00bb][et_pb_column type=\u00a0\u00bb4_4&Prime; _builder_version=\u00a0\u00bb4.27.2&Prime; _module_preset=\u00a0\u00bbdefault\u00a0\u00bb global_colors_info=\u00a0\u00bb{}\u00a0\u00bb][et_pb_text _builder_version=\u00a0\u00bb4.27.4&Prime; _module_preset=\u00a0\u00bbdefault\u00a0\u00bb text_font=\u00a0\u00bb|600||on|||||\u00a0\u00bb text_text_color=\u00a0\u00bb#000000&Prime; text_font_size=\u00a0\u00bb22px\u00a0\u00bb custom_padding=\u00a0\u00bb||0px||false|false\u00a0\u00bb hover_enabled=\u00a0\u00bb0&Prime; global_colors_info=\u00a0\u00bb{}\u00a0\u00bb sticky_enabled=\u00a0\u00bb0&Prime;]<\/p>\n<p style=\"text-align: center;\">SERVICES<\/p>\n<p>[\/et_pb_text][\/et_pb_column][\/et_pb_row][et_pb_row column_structure=\u00a0\u00bb1_3,1_3,1_3&Prime; use_custom_gutter=\u00a0\u00bbon\u00a0\u00bb gutter_width=\u00a0\u00bb2&Prime; make_equal=\u00a0\u00bbon\u00a0\u00bb _builder_version=\u00a0\u00bb4.27.4&Prime; _module_preset=\u00a0\u00bbdefault\u00a0\u00bb width=\u00a0\u00bb90%\u00a0\u00bb max_width=\u00a0\u00bb90%\u00a0\u00bb custom_margin=\u00a0\u00bb6px||||false|false\u00a0\u00bb custom_padding=\u00a0\u00bb||0px||false|false\u00a0\u00bb border_color_top=\u00a0\u00bbgcid-secondary-color\u00a0\u00bb border_color_bottom=\u00a0\u00bbgcid-secondary-color\u00a0\u00bb saved_tabs=\u00a0\u00bball\u00a0\u00bb global_colors_info=\u00a0\u00bb{%22gcid-secondary-color%22:%91%22border_color_bottom%22,%22border_color_top%22%93}\u00a0\u00bb][et_pb_column type=\u00a0\u00bb1_3&Prime; _builder_version=\u00a0\u00bb4.27.4&Prime; _dynamic_attributes=\u00a0\u00bblink_option_url\u00a0\u00bb _module_preset=\u00a0\u00bbdefault\u00a0\u00bb background_enable_color=\u00a0\u00bboff\u00a0\u00bb transform_translate_linked__hover=\u00a0\u00bboff\u00a0\u00bb link_option_url=\u00a0\u00bb@ET-DC@eyJkeW5hbWljIjp0cnVlLCJjb250ZW50IjoicG9zdF9saW5rX3VybF9wYWdlIiwic2V0dGluZ3MiOnsicG9zdF9pZCI6IjYxMyJ9fQ==@\u00a0\u00bb global_colors_info=\u00a0\u00bb{%22gcid-2eafc5fc-585a-47d9-9a19-ad9a5031a052%22:%91%22background_color%22%93}\u00a0\u00bb transform_styles__hover_enabled=\u00a0\u00bbon|hover\u00a0\u00bb transform_scale__hover_enabled=\u00a0\u00bbon|hover\u00a0\u00bb transform_translate__hover_enabled=\u00a0\u00bbon|desktop\u00a0\u00bb transform_rotate__hover_enabled=\u00a0\u00bbon|desktop\u00a0\u00bb transform_skew__hover_enabled=\u00a0\u00bbon|desktop\u00a0\u00bb transform_origin__hover_enabled=\u00a0\u00bbon|desktop\u00a0\u00bb transform_translate__hover=\u00a0\u00bb0px|-8px\u00a0\u00bb background__hover_enabled=\u00a0\u00bboff|hover\u00a0\u00bb background_color_gradient_stops__hover=\u00a0\u00bb#00214e 69%|#000000 99%\u00a0\u00bb use_background_color_gradient__hover=\u00a0\u00bbon\u00a0\u00bb][et_pb_blurb title=\u00a0\u00bbAnalyse et Logistique\u00a0 \u00a0\u00bb image=\u00a0\u00bbhttps:\/\/www.trelec.com\/wp-content\/uploads\/2025\/06\/acopio-materiales-ic-b.webp\u00a0\u00bb image_icon_width=\u00a0\u00bb62px\u00a0\u00bb _builder_version=\u00a0\u00bb4.27.4&Prime; _dynamic_attributes=\u00a0\u00bblink_option_url\u00a0\u00bb _module_preset=\u00a0\u00bbdefault\u00a0\u00bb header_text_align=\u00a0\u00bbcenter\u00a0\u00bb header_text_color=\u00a0\u00bbgcid-2eafc5fc-585a-47d9-9a19-ad9a5031a052&Prime; header_font_size=\u00a0\u00bb18px\u00a0\u00bb header_line_height=\u00a0\u00bb24px\u00a0\u00bb body_text_color=\u00a0\u00bb#FFFFFF\u00a0\u00bb transform_translate_linked__hover=\u00a0\u00bboff\u00a0\u00bb custom_margin=\u00a0\u00bb-40px||||false|false\u00a0\u00bb custom_padding=\u00a0\u00bb|10px|10px|10px|false|false\u00a0\u00bb link_option_url=\u00a0\u00bb@ET-DC@eyJkeW5hbWljIjp0cnVlLCJjb250ZW50IjoicG9zdF9saW5rX3VybF9wYWdlIiwic2V0dGluZ3MiOnsicG9zdF9pZCI6IjYxMyJ9fQ==@\u00a0\u00bb hover_enabled=\u00a0\u00bb0&Prime; custom_css_blurb_image=\u00a0\u00bbmargin-bottom: -10px;\u00a0\u00bb border_color_bottom=\u00a0\u00bbgcid-secondary-color\u00a0\u00bb global_colors_info=\u00a0\u00bb{%22gcid-secondary-color%22:%91%22header_text_color__hover%22,%22icon_color%22,%22border_color_bottom%22%93,%22gcid-2eafc5fc-585a-47d9-9a19-ad9a5031a052%22:%91%22header_text_color%22%93}\u00a0\u00bb background__hover_enabled=\u00a0\u00bboff|desktop\u00a0\u00bb background_color_gradient_stops__hover=\u00a0\u00bbrgba(255,255,255,0) 0%|rgba(224,43,32,0.5) 99%\u00a0\u00bb use_background_color_gradient__hover=\u00a0\u00bbon\u00a0\u00bb background_color_gradient_overlays_image__hover=\u00a0\u00bbon\u00a0\u00bb header_text_color__hover_enabled=\u00a0\u00bboff|desktop\u00a0\u00bb header_text_color__hover=\u00a0\u00bb#eb4650&Prime; transform_styles__hover_enabled=\u00a0\u00bbon|hover\u00a0\u00bb transform_scale__hover_enabled=\u00a0\u00bbon|desktop\u00a0\u00bb transform_translate__hover_enabled=\u00a0\u00bbon|hover\u00a0\u00bb transform_rotate__hover_enabled=\u00a0\u00bbon|desktop\u00a0\u00bb transform_skew__hover_enabled=\u00a0\u00bbon|desktop\u00a0\u00bb transform_origin__hover_enabled=\u00a0\u00bbon|desktop\u00a0\u00bb transform_translate__hover=\u00a0\u00bb0px|-4px\u00a0\u00bb sticky_enabled=\u00a0\u00bb0&Prime;][\/et_pb_blurb][\/et_pb_column][et_pb_column type=\u00a0\u00bb1_3&Prime; _builder_version=\u00a0\u00bb4.27.4&Prime; _dynamic_attributes=\u00a0\u00bblink_option_url\u00a0\u00bb _module_preset=\u00a0\u00bbdefault\u00a0\u00bb background_enable_color=\u00a0\u00bboff\u00a0\u00bb transform_translate_linked__hover=\u00a0\u00bboff\u00a0\u00bb link_option_url=\u00a0\u00bb@ET-DC@eyJkeW5hbWljIjp0cnVlLCJjb250ZW50IjoicG9zdF9saW5rX3VybF9wYWdlIiwic2V0dGluZ3MiOnsicG9zdF9pZCI6IjYxMyJ9fQ==@\u00a0\u00bb global_colors_info=\u00a0\u00bb{%22gcid-2eafc5fc-585a-47d9-9a19-ad9a5031a052%22:%91%22background_color%22%93}\u00a0\u00bb transform_styles__hover_enabled=\u00a0\u00bbon|hover\u00a0\u00bb transform_scale__hover_enabled=\u00a0\u00bbon|hover\u00a0\u00bb transform_translate__hover_enabled=\u00a0\u00bbon|desktop\u00a0\u00bb transform_rotate__hover_enabled=\u00a0\u00bbon|desktop\u00a0\u00bb transform_skew__hover_enabled=\u00a0\u00bbon|desktop\u00a0\u00bb transform_origin__hover_enabled=\u00a0\u00bbon|desktop\u00a0\u00bb transform_translate__hover=\u00a0\u00bb0px|-8px\u00a0\u00bb background__hover_enabled=\u00a0\u00bboff|hover\u00a0\u00bb background_color_gradient_stops__hover=\u00a0\u00bb#00214e 69%|#000000 99%\u00a0\u00bb use_background_color_gradient__hover=\u00a0\u00bbon\u00a0\u00bb][et_pb_blurb title=\u00a0\u00bbPrototypage\u00a0\u00bb image=\u00a0\u00bbhttps:\/\/www.trelec.com\/wp-content\/uploads\/2025\/06\/prototipado-ic-b.webp\u00a0\u00bb image_icon_width=\u00a0\u00bb62px\u00a0\u00bb _builder_version=\u00a0\u00bb4.27.4&Prime; _dynamic_attributes=\u00a0\u00bblink_option_url\u00a0\u00bb _module_preset=\u00a0\u00bbdefault\u00a0\u00bb header_text_align=\u00a0\u00bbcenter\u00a0\u00bb header_text_color=\u00a0\u00bbgcid-2eafc5fc-585a-47d9-9a19-ad9a5031a052&Prime; header_font_size=\u00a0\u00bb18px\u00a0\u00bb header_line_height=\u00a0\u00bb24px\u00a0\u00bb body_text_color=\u00a0\u00bb#FFFFFF\u00a0\u00bb transform_translate_linked__hover=\u00a0\u00bboff\u00a0\u00bb custom_margin=\u00a0\u00bb-40px||||false|false\u00a0\u00bb custom_padding=\u00a0\u00bb|10px|10px|10px|false|false\u00a0\u00bb link_option_url=\u00a0\u00bb@ET-DC@eyJkeW5hbWljIjp0cnVlLCJjb250ZW50IjoicG9zdF9saW5rX3VybF9wYWdlIiwic2V0dGluZ3MiOnsicG9zdF9pZCI6IjYxNSJ9fQ==@\u00a0\u00bb hover_enabled=\u00a0\u00bb0&Prime; custom_css_blurb_image=\u00a0\u00bbmargin-bottom: -10px;\u00a0\u00bb border_color_bottom=\u00a0\u00bbgcid-secondary-color\u00a0\u00bb global_colors_info=\u00a0\u00bb{%22gcid-secondary-color%22:%91%22header_text_color__hover%22,%22icon_color%22,%22border_color_bottom%22%93,%22gcid-2eafc5fc-585a-47d9-9a19-ad9a5031a052%22:%91%22header_text_color%22%93}\u00a0\u00bb background__hover_enabled=\u00a0\u00bboff|desktop\u00a0\u00bb background_color_gradient_stops__hover=\u00a0\u00bbrgba(255,255,255,0) 0%|rgba(224,43,32,0.5) 99%\u00a0\u00bb use_background_color_gradient__hover=\u00a0\u00bbon\u00a0\u00bb background_color_gradient_overlays_image__hover=\u00a0\u00bbon\u00a0\u00bb header_text_color__hover_enabled=\u00a0\u00bboff|desktop\u00a0\u00bb header_text_color__hover=\u00a0\u00bb#eb4650&Prime; transform_styles__hover_enabled=\u00a0\u00bbon|hover\u00a0\u00bb transform_scale__hover_enabled=\u00a0\u00bbon|desktop\u00a0\u00bb transform_translate__hover_enabled=\u00a0\u00bbon|hover\u00a0\u00bb transform_rotate__hover_enabled=\u00a0\u00bbon|desktop\u00a0\u00bb transform_skew__hover_enabled=\u00a0\u00bbon|desktop\u00a0\u00bb transform_origin__hover_enabled=\u00a0\u00bbon|desktop\u00a0\u00bb transform_translate__hover=\u00a0\u00bb0px|-4px\u00a0\u00bb sticky_enabled=\u00a0\u00bb0&Prime;][\/et_pb_blurb][\/et_pb_column][et_pb_column type=\u00a0\u00bb1_3&Prime; _builder_version=\u00a0\u00bb4.27.4&Prime; _dynamic_attributes=\u00a0\u00bblink_option_url\u00a0\u00bb _module_preset=\u00a0\u00bbdefault\u00a0\u00bb background_enable_color=\u00a0\u00bboff\u00a0\u00bb transform_translate_linked__hover=\u00a0\u00bboff\u00a0\u00bb link_option_url=\u00a0\u00bb@ET-DC@eyJkeW5hbWljIjp0cnVlLCJjb250ZW50IjoicG9zdF9saW5rX3VybF9wYWdlIiwic2V0dGluZ3MiOnsicG9zdF9pZCI6IjYxMyJ9fQ==@\u00a0\u00bb global_colors_info=\u00a0\u00bb{%22gcid-2eafc5fc-585a-47d9-9a19-ad9a5031a052%22:%91%22background_color%22%93}\u00a0\u00bb transform_styles__hover_enabled=\u00a0\u00bbon|hover\u00a0\u00bb transform_scale__hover_enabled=\u00a0\u00bbon|hover\u00a0\u00bb transform_translate__hover_enabled=\u00a0\u00bbon|desktop\u00a0\u00bb transform_rotate__hover_enabled=\u00a0\u00bbon|desktop\u00a0\u00bb transform_skew__hover_enabled=\u00a0\u00bbon|desktop\u00a0\u00bb transform_origin__hover_enabled=\u00a0\u00bbon|desktop\u00a0\u00bb transform_translate__hover=\u00a0\u00bb0px|-8px\u00a0\u00bb background__hover_enabled=\u00a0\u00bboff|desktop\u00a0\u00bb background_color_gradient_stops__hover=\u00a0\u00bb#00214e 69%|#000000 100%\u00a0\u00bb use_background_color_gradient__hover=\u00a0\u00bbon\u00a0\u00bb][et_pb_blurb title=\u00a0\u00bbV\u00e9rification et Inspection\u00a0 \u00a0\u00bb image=\u00a0\u00bbhttps:\/\/www.trelec.com\/wp-content\/uploads\/2025\/06\/verificacion-ic-b.webp\u00a0\u00bb image_icon_width=\u00a0\u00bb62px\u00a0\u00bb _builder_version=\u00a0\u00bb4.27.4&Prime; _dynamic_attributes=\u00a0\u00bblink_option_url\u00a0\u00bb _module_preset=\u00a0\u00bbdefault\u00a0\u00bb header_text_align=\u00a0\u00bbcenter\u00a0\u00bb header_text_color=\u00a0\u00bbgcid-2eafc5fc-585a-47d9-9a19-ad9a5031a052&Prime; header_font_size=\u00a0\u00bb18px\u00a0\u00bb header_line_height=\u00a0\u00bb24px\u00a0\u00bb body_text_color=\u00a0\u00bb#FFFFFF\u00a0\u00bb transform_translate_linked__hover=\u00a0\u00bboff\u00a0\u00bb custom_margin=\u00a0\u00bb-40px||||false|false\u00a0\u00bb custom_padding=\u00a0\u00bb|10px|10px|10px|false|false\u00a0\u00bb link_option_url=\u00a0\u00bb@ET-DC@eyJkeW5hbWljIjp0cnVlLCJjb250ZW50IjoicG9zdF9saW5rX3VybF9wYWdlIiwic2V0dGluZ3MiOnsicG9zdF9pZCI6IjYxOSJ9fQ==@\u00a0\u00bb hover_enabled=\u00a0\u00bb0&Prime; custom_css_blurb_image=\u00a0\u00bbmargin-bottom: -10px;\u00a0\u00bb border_color_bottom=\u00a0\u00bbgcid-secondary-color\u00a0\u00bb global_colors_info=\u00a0\u00bb{%22gcid-secondary-color%22:%91%22header_text_color__hover%22,%22icon_color%22,%22border_color_bottom%22%93,%22gcid-2eafc5fc-585a-47d9-9a19-ad9a5031a052%22:%91%22header_text_color%22%93}\u00a0\u00bb background__hover_enabled=\u00a0\u00bboff|desktop\u00a0\u00bb background_color_gradient_stops__hover=\u00a0\u00bbrgba(255,255,255,0) 0%|rgba(224,43,32,0.5) 99%\u00a0\u00bb use_background_color_gradient__hover=\u00a0\u00bbon\u00a0\u00bb background_color_gradient_overlays_image__hover=\u00a0\u00bbon\u00a0\u00bb header_text_color__hover_enabled=\u00a0\u00bboff|desktop\u00a0\u00bb header_text_color__hover=\u00a0\u00bb#eb4650&Prime; transform_styles__hover_enabled=\u00a0\u00bbon|hover\u00a0\u00bb transform_scale__hover_enabled=\u00a0\u00bbon|desktop\u00a0\u00bb transform_translate__hover_enabled=\u00a0\u00bbon|hover\u00a0\u00bb transform_rotate__hover_enabled=\u00a0\u00bbon|desktop\u00a0\u00bb transform_skew__hover_enabled=\u00a0\u00bbon|desktop\u00a0\u00bb transform_origin__hover_enabled=\u00a0\u00bbon|desktop\u00a0\u00bb transform_translate__hover=\u00a0\u00bb0px|-4px\u00a0\u00bb sticky_enabled=\u00a0\u00bb0&Prime;][\/et_pb_blurb][\/et_pb_column][\/et_pb_row][\/et_pb_section]<\/p>\n","protected":false},"excerpt":{"rendered":"<p>La v\u00e9rification de l\u2019assemblage des cartes est essentielle pour garantir la qualit\u00e9 et la fiabilit\u00e9 de chaque unit\u00e9 produite. Chez Trelec, ce processus comprend une inspection optique automatis\u00e9e (AOI) en 3D pour les cartes SMD, ainsi que des tests fonctionnels (sur demande du client) qui garantissent la bonne fonctionnalit\u00e9 du circuit. Dans une d\u00e9marche pr\u00e9ventive, [&hellip;]<\/p>\n","protected":false},"author":1,"featured_media":0,"parent":0,"menu_order":0,"comment_status":"closed","ping_status":"closed","template":"","meta":{"_et_pb_use_builder":"on","_et_pb_old_content":"<!-- wp:divi\/placeholder \/-->","_et_gb_content_width":"","footnotes":""},"class_list":["post-1234","page","type-page","status-publish","hentry"],"_links":{"self":[{"href":"https:\/\/www.trelec.com\/fr\/wp-json\/wp\/v2\/pages\/1234","targetHints":{"allow":["GET"]}}],"collection":[{"href":"https:\/\/www.trelec.com\/fr\/wp-json\/wp\/v2\/pages"}],"about":[{"href":"https:\/\/www.trelec.com\/fr\/wp-json\/wp\/v2\/types\/page"}],"author":[{"embeddable":true,"href":"https:\/\/www.trelec.com\/fr\/wp-json\/wp\/v2\/users\/1"}],"replies":[{"embeddable":true,"href":"https:\/\/www.trelec.com\/fr\/wp-json\/wp\/v2\/comments?post=1234"}],"version-history":[{"count":3,"href":"https:\/\/www.trelec.com\/fr\/wp-json\/wp\/v2\/pages\/1234\/revisions"}],"predecessor-version":[{"id":1328,"href":"https:\/\/www.trelec.com\/fr\/wp-json\/wp\/v2\/pages\/1234\/revisions\/1328"}],"wp:attachment":[{"href":"https:\/\/www.trelec.com\/fr\/wp-json\/wp\/v2\/media?parent=1234"}],"curies":[{"name":"wp","href":"https:\/\/api.w.org\/{rel}","templated":true}]}}